{"id":32,"date":"2013-03-14T13:40:45","date_gmt":"2013-03-14T13:40:45","guid":{"rendered":"http:\/\/www.mattikoch.de\/mattikoch\/?page_id=32"},"modified":"2013-03-19T13:32:50","modified_gmt":"2013-03-19T13:32:50","slug":"home","status":"publish","type":"page","link":"http:\/\/www.mattikoch.de\/mattikoch\/?page_id=32","title":{"rendered":"Home"},"content":{"rendered":"<h2><strong>Wilkommen auf meiner privaten Homepage.<\/strong><\/h2>\n<p>Diese Seite besch\u00e4ftigt sich gr\u00f6\u00dftenteils mit meinem Hobby Gitarre spielen. Zus\u00e4tzlich gibt es noch ein paar Urlaubsbilder.<\/p>\n<p>Ich W\u00fcnsche Euch viel Spa\u00df.<\/p>\n<p>&nbsp;<\/p>\n<p><span style=\"color: #ff0000;\">matti<\/span><\/p>\n<p>&nbsp;<\/p>\n<p>&nbsp;<\/p>\n<p>.<\/p>\n","protected":false},"excerpt":{"rendered":"<p>Wilkommen auf meiner privaten Homepage. Diese Seite besch\u00e4ftigt sich gr\u00f6\u00dftenteils mit meinem Hobby Gitarre spielen. Zus\u00e4tzlich gibt es noch ein paar Urlaubsbilder. Ich W\u00fcnsche Euch viel Spa\u00df. &nbsp; matti &nbsp; &nbsp; .<\/p>\n","protected":false},"author":1,"featured_media":0,"parent":0,"menu_order":0,"comment_status":"closed","ping_status":"closed","template":"","meta":[],"_links":{"self":[{"href":"http:\/\/www.mattikoch.de\/mattikoch\/index.php?rest_route=\/wp\/v2\/pages\/32"}],"collection":[{"href":"http:\/\/www.mattikoch.de\/mattikoch\/index.php?rest_route=\/wp\/v2\/pages"}],"about":[{"href":"http:\/\/www.mattikoch.de\/mattikoch\/index.php?rest_route=\/wp\/v2\/types\/page"}],"author":[{"embeddable":true,"href":"http:\/\/www.mattikoch.de\/mattikoch\/index.php?rest_route=\/wp\/v2\/users\/1"}],"replies":[{"embeddable":true,"href":"http:\/\/www.mattikoch.de\/mattikoch\/index.php?rest_route=%2Fwp%2Fv2%2Fcomments&post=32"}],"version-history":[{"count":9,"href":"http:\/\/www.mattikoch.de\/mattikoch\/index.php?rest_route=\/wp\/v2\/pages\/32\/revisions"}],"predecessor-version":[{"id":213,"href":"http:\/\/www.mattikoch.de\/mattikoch\/index.php?rest_route=\/wp\/v2\/pages\/32\/revisions\/213"}],"wp:attachment":[{"href":"http:\/\/www.mattikoch.de\/mattikoch\/index.php?rest_route=%2Fwp%2Fv2%2Fmedia&parent=32"}],"curies":[{"name":"wp","href":"https:\/\/api.w.org\/{rel}","templated":true}]}}